{"id":21,"date":"2015-02-22T20:09:33","date_gmt":"2015-02-22T20:09:33","guid":{"rendered":"http:\/\/wp\/enfold-medium-business\/?page_id=21"},"modified":"2023-02-16T15:08:19","modified_gmt":"2023-02-16T15:08:19","slug":"contact","status":"publish","type":"page","link":"https:\/\/www.monitorlinq.com\/en\/contact\/","title":{"rendered":"Contact"},"content":{"rendered":"\n<style type=\"text\/css\" data-created_by=\"avia_inline_auto\" id=\"style-css-av-av_section-0dc4801cb11f949c5f618f11519fbae8\">\n.avia-section.av-av_section-0dc4801cb11f949c5f618f11519fbae8 .av-parallax .av-parallax-inner{\nbackground-repeat:no-repeat;\nbackground-image:url(https:\/\/www.monitorlinq.com\/wp-content\/uploads\/2015\/02\/Screen-Shot-2017-08-31-at-20.48.08.png);\nbackground-position:50% 100%;\nbackground-attachment:scroll;\n}\n.avia-section.av-av_section-0dc4801cb11f949c5f618f11519fbae8 .av-section-color-overlay{\nopacity:0.7;\n}\n<\/style>\n<div id='av_section_1'  class='avia-section av-av_section-0dc4801cb11f949c5f618f11519fbae8 main_color avia-section-huge avia-no-border-styling  avia-builder-el-0  el_before_av_layout_row  avia-builder-el-first  av-parallax-section avia-bg-style-parallax av-section-color-overlay-active av-minimum-height av-minimum-height-75 av-height-75  container_wrap sidebar_right'  data-section-bg-repeat='no-repeat' data-av_minimum_height_pc='75' data-av_min_height_opt='75'><div class='av-parallax' data-avia-parallax-ratio='0.3' ><div class='av-parallax-inner main_color avia-full-stretch'><\/div><\/div><div class=\"av-section-color-overlay-wrap\"><div class=\"av-section-color-overlay\"><\/div><a href='#next-section' title='' class='scroll-down-link ' aria-hidden='true' data-av_icon='\ue877' data-av_iconfont='entypo-fontello'><\/a><div class='container av-section-cont-open' ><main  role=\"main\" itemprop=\"mainContentOfPage\"  class='template-page content  av-content-small alpha units'><div class='post-entry post-entry-type-page post-entry-21'><div class='entry-content-wrapper clearfix'>\n<div  class='flex_column av-av_one_fifth-2a9015ff38129c418a3f2eafba3e9512 av_one_fifth  avia-builder-el-1  el_before_av_three_fifth  avia-builder-el-first  first flex_column_div  '     ><\/div><div  class='flex_column av-av_three_fifth-52c89597409f646e66e7cc675a5d9b4a av_three_fifth  avia-builder-el-2  el_after_av_one_fifth  el_before_av_one_fifth  flex_column_div  '     ><p>\n<style type=\"text\/css\" data-created_by=\"avia_inline_auto\" id=\"style-css-av-av_heading-8eeb6928fa0c75ddbd76cbc79426c800\">\n#top .av-special-heading.av-av_heading-8eeb6928fa0c75ddbd76cbc79426c800{\npadding-bottom:10px;\ncolor:#ffffff;\nfont-size:40px;\n}\nbody .av-special-heading.av-av_heading-8eeb6928fa0c75ddbd76cbc79426c800 .av-special-heading-tag .heading-char{\nfont-size:25px;\n}\n#top #wrap_all .av-special-heading.av-av_heading-8eeb6928fa0c75ddbd76cbc79426c800 .av-special-heading-tag{\nfont-size:40px;\n}\n.av-special-heading.av-av_heading-8eeb6928fa0c75ddbd76cbc79426c800 .special-heading-inner-border{\nborder-color:#ffffff;\n}\n.av-special-heading.av-av_heading-8eeb6928fa0c75ddbd76cbc79426c800 .av-subheading{\nfont-size:15px;\n}\n\n@media only screen and (min-width: 480px) and (max-width: 767px){ \n#top #wrap_all .av-special-heading.av-av_heading-8eeb6928fa0c75ddbd76cbc79426c800 .av-special-heading-tag{\nfont-size:0.8em;\n}\n}\n\n@media only screen and (max-width: 479px){ \n#top #wrap_all .av-special-heading.av-av_heading-8eeb6928fa0c75ddbd76cbc79426c800 .av-special-heading-tag{\nfont-size:0.8em;\n}\n}\n<\/style>\n<div  class='av-special-heading av-av_heading-8eeb6928fa0c75ddbd76cbc79426c800 av-special-heading-h1 custom-color-heading blockquote modern-quote modern-centered  avia-builder-el-3  el_before_av_hr  avia-builder-el-first  av-thin-font av-inherit-size'><h1 class='av-special-heading-tag'  itemprop=\"headline\"  >We would love to hear from you so <strong>get in touch with us<\/strong><\/h1><div class=\"special-heading-border\"><div class=\"special-heading-inner-border\"><\/div><\/div><\/div><br \/>\n\n<style type=\"text\/css\" data-created_by=\"avia_inline_auto\" id=\"style-css-av-av_hr-df8e486e80a8f6e5afdb9e70427a5f34\">\n#top .hr.av-av_hr-df8e486e80a8f6e5afdb9e70427a5f34{\nmargin-top:40px;\nmargin-bottom:40px;\n}\n.hr.av-av_hr-df8e486e80a8f6e5afdb9e70427a5f34 .hr-inner{\nwidth:50px;\nborder-color:#ffffff;\n}\n<\/style>\n<div  class='hr av-av_hr-df8e486e80a8f6e5afdb9e70427a5f34 hr-custom  avia-builder-el-4  el_after_av_heading  avia-builder-el-last  hr-center hr-icon-no'><span class='hr-inner inner-border-av-border-fat'><span class=\"hr-inner-style\"><\/span><\/span><\/div><\/p><\/div><div  class='flex_column av-av_one_fifth-52c89597409f646e66e7cc675a5d9b4a av_one_fifth  avia-builder-el-5  el_after_av_three_fifth  avia-builder-el-last  flex_column_div  '     ><\/div>\n\n<\/div><\/div><\/main><!-- close content main element --><\/div><\/div><\/div><div id='av-layout-grid-1'  class='av-layout-grid-container av-av_layout_row-caf1f26e08707a2ebe9176b630e736c2 entry-content-wrapper main_color av-flex-cells  avia-builder-el-6  el_after_av_section  avia-builder-el-last  grid-row-not-first  container_wrap sidebar_right'  >\n\n<style type=\"text\/css\" data-created_by=\"avia_inline_auto\" id=\"style-css-av-av_cell_one_half-c5eeed7bbf262bd88da844dac32947fa\">\n.flex_cell.av-av_cell_one_half-c5eeed7bbf262bd88da844dac32947fa{\nvertical-align:top;\nbackground-color:#fcfcfc;\n}\n.responsive #top #wrap_all .flex_cell.av-av_cell_one_half-c5eeed7bbf262bd88da844dac32947fa{\npadding:30px 30px 30px 30px !important;\n}\n<\/style>\n<div class='flex_cell av-av_cell_one_half-c5eeed7bbf262bd88da844dac32947fa av-gridrow-cell av_one_half no_margin  avia-builder-el-7  el_before_av_cell_one_half  avia-builder-el-first '  ><div class='flex_cell_inner'><p>\n<style type=\"text\/css\" data-created_by=\"avia_inline_auto\" id=\"style-css-av-av_heading-c28e6c39beafa6b8e71ef2a2da58d516\">\n#top .av-special-heading.av-av_heading-c28e6c39beafa6b8e71ef2a2da58d516{\npadding-bottom:10px;\nfont-size:40px;\n}\nbody .av-special-heading.av-av_heading-c28e6c39beafa6b8e71ef2a2da58d516 .av-special-heading-tag .heading-char{\nfont-size:25px;\n}\n#top #wrap_all .av-special-heading.av-av_heading-c28e6c39beafa6b8e71ef2a2da58d516 .av-special-heading-tag{\nfont-size:40px;\n}\n.av-special-heading.av-av_heading-c28e6c39beafa6b8e71ef2a2da58d516 .av-subheading{\nfont-size:15px;\n}\n\n@media only screen and (min-width: 480px) and (max-width: 767px){ \n#top #wrap_all .av-special-heading.av-av_heading-c28e6c39beafa6b8e71ef2a2da58d516 .av-special-heading-tag{\nfont-size:0.8em;\n}\n}\n\n@media only screen and (max-width: 479px){ \n#top #wrap_all .av-special-heading.av-av_heading-c28e6c39beafa6b8e71ef2a2da58d516 .av-special-heading-tag{\nfont-size:0.8em;\n}\n}\n<\/style>\n<div  class='av-special-heading av-av_heading-c28e6c39beafa6b8e71ef2a2da58d516 av-special-heading-h1 blockquote modern-quote modern-centered  avia-builder-el-8  el_before_av_hr  avia-builder-el-first  av-inherit-size'><h1 class='av-special-heading-tag'  itemprop=\"headline\"  >Monitorlinq<\/h1><div class=\"special-heading-border\"><div class=\"special-heading-inner-border\"><\/div><\/div><\/div><br \/>\n\n<style type=\"text\/css\" data-created_by=\"avia_inline_auto\" id=\"style-css-av-av_hr-b0d442539efd9536f47a2871d01c26c1\">\n#top .hr.av-av_hr-b0d442539efd9536f47a2871d01c26c1{\nmargin-top:40px;\nmargin-bottom:40px;\n}\n.hr.av-av_hr-b0d442539efd9536f47a2871d01c26c1 .hr-inner{\nwidth:50px;\nborder-color:#000000;\n}\n<\/style>\n<div  class='hr av-av_hr-b0d442539efd9536f47a2871d01c26c1 hr-custom  avia-builder-el-9  el_after_av_heading  el_before_av_toggle_container  hr-center hr-icon-no'><span class='hr-inner inner-border-av-border-fat'><span class=\"hr-inner-style\"><\/span><\/span><\/div><br \/>\n<div  class='togglecontainer av-av_toggle_container-8e0c6e39d39b619a829887bd54fff3ed  avia-builder-el-10  el_after_av_hr  avia-builder-el-last  toggle_close_all' >\n<section class='av_toggle_section av-av_toggle-3ad6e8834843c9e876b9ed059a5e205a'  itemscope=\"itemscope\" itemtype=\"https:\/\/schema.org\/CreativeWork\" ><div role=\"tablist\" class=\"single_toggle\" data-tags=\"{All} \"  ><p data-fake-id='#toggle-id-1' class='toggler   '  itemprop=\"headline\"  role='tab' tabindex='0' aria-controls='toggle-id-1'>Mentions L\u00e9gales<span class=\"toggle_icon\"><span class=\"vert_icon\"><\/span><span class=\"hor_icon\"><\/span><\/span><\/p><div id='toggle-id-1' class='toggle_wrap  '  ><div class='toggle_content invers-color '  itemprop=\"text\" ><p><strong>MENTIONS L\u00c9GALES<\/strong><\/p>\n<p><strong>IDENTIFICATION \u00c9DITEUR<\/strong><\/p>\n<p>Le pr\u00e9sent site internet est \u00e9dit\u00e9 par Monitorlinq France, soci\u00e9t\u00e9 par actions simplifi\u00e9e au capital de 1050 \u20ac, dont le si\u00e8ge social est situ\u00e9 au 38, rue de Berri, 75008 Paris, immatricul\u00e9e au Registre du commerce et des soci\u00e9t\u00e9s de Paris sous le num\u00e9ro B 887\u00a0951 523, sp\u00e9cialis\u00e9e dans le secteur d&#8217;activit\u00e9 des portails internet (6312Z).<\/p>\n<p>Num\u00e9ro SIRET\u00a0: 88795152300018<\/p>\n<p>N\u00b0 TVA intracommunautaire : FR35887951523<\/p>\n<p>Adresse \u00e9lectronique : contact@monitorlinq.com<\/p>\n<p><strong>DIRECTEUR DE PUBLICATION<\/strong><\/p>\n<p>Monitorlinq France<\/p>\n<p><strong>PROPRI\u00c9T\u00c9 INTELLECTUELLE<\/strong><\/p>\n<p>Les \u00e9l\u00e9ments du site \u2013 marques, logos, dessins, graphismes, chartes graphiques, ic\u00f4nes, textes, applications, scripts, fonctionnalit\u00e9s, ainsi que leur s\u00e9lection ou combinaison, apparaissant \u00e0 l\u2019adresse https:\/\/www.monitorlinq.com\/fr\/ \u2013 sont la propri\u00e9t\u00e9 exclusive de Monitorlinq France.<\/p>\n<p>L\u2019acc\u00e8s au site n\u2019entra\u00eene aucune cession des droits de propri\u00e9t\u00e9 susvis\u00e9s. Ils font l\u2019objet de protection au titre des droits de propri\u00e9t\u00e9 intellectuelle et industrielle applicables. Monitorlinq France conf\u00e8re \u00e0 l\u2019utilisateur un droit d\u2019usage personnel, non cessible, non exclusif du site uniquement sous forme num\u00e9rique et aux fins de visualisation des pages consult\u00e9es. Ledit droit porte sur l\u2019ensemble des \u00e9l\u00e9ments du site qui n\u2019entra\u00eene aucune cession des droits vis\u00e9s ci-dessus.<\/p>\n<p>A ce titre, l\u2019utilisateur s\u2019interdit tout usage contraire \u00e0 leur destination, \u00e0 savoir l\u2019utilisation normale du site, notamment de copier, reproduire, modifier, distribuer, afficher ou vendre, par quelque proc\u00e9d\u00e9 ou forme que ce soit, en tout ou partie, tout \u00e9l\u00e9ment du site ou se rapportant \u00e0 celui-ci, et pour toute autre finalit\u00e9 y compris \u00e0 titre commercial, sans l\u2019autorisation pr\u00e9alable de Monitorlinq France.<\/p>\n<p>En cas d\u2019utilisation ill\u00e9gale ou non autoris\u00e9e du site, Monitorlinq France se r\u00e9serve le droit de prendre toute mesure ad\u00e9quate estim\u00e9e n\u00e9cessaire et, le cas \u00e9ch\u00e9ant, d\u2019intenter toute action en justice appropri\u00e9e, et\/ou de signaler l\u2019infraction aux autorit\u00e9s judiciaires et de police.<\/p>\n<p><strong>LIENS HYPERTEXTES<\/strong><\/p>\n<p>Les liens hypertextes pr\u00e9sents sur le site et renvoyant \u00e0 un site tiers ne sauraient engager la responsabilit\u00e9 de Monitorlinq France.<\/p>\n<p>Monitorlinq France n\u2019exer\u00e7ant aucun contr\u00f4le et n\u2019ayant aucune ma\u00eetrise sur le contenu de tout site tiers, l\u2019utilisateur y acc\u00e8de sous sa propre responsabilit\u00e9.<\/p>\n<p>Monitorlinq France ne saurait en aucun cas \u00eatre tenue responsable du contenu ainsi que des produits ou services propos\u00e9s sur tout site tiers.<\/p>\n<p><strong>PROTECTION DES DONN\u00c9ES \u00c0 CARACT\u00c8RE PERSONNEL<\/strong><\/p>\n<p>Monitorlinq France s\u2019engage \u00e0 prot\u00e9ger les informations personnelles et la vie priv\u00e9e des utilisateurs du site et de toute personne utilisant ses services de mani\u00e8re g\u00e9n\u00e9rale.<\/p>\n<p>Conform\u00e9ment au R\u00e8glement (UE) 2016\/679 relatif \u00e0 la protection des donn\u00e9es \u00e0 caract\u00e8re personnel, l\u2019utilisateur dispose du droit de demander \u00e0 Monitorlinq France, responsable du traitement, l&#8217;acc\u00e8s aux donn\u00e9es \u00e0 caract\u00e8re personnel le concernant, la rectification ou l&#8217;effacement de celles-ci, ainsi que la limitation de leur traitement.<\/p>\n<p>La politique de protection des donn\u00e9es \u00e0 caract\u00e8re personnel apporte des informations suppl\u00e9mentaires concernant ces droits.<\/p>\n<p><strong>DROIT APPLICABLE <\/strong><\/p>\n<p>Le site et ses mentions l\u00e9gales sont soumis au droit fran\u00e7ais.<\/p>\n<p><strong>H\u00c9BERGEMENT <\/strong><\/p>\n<p><span class=\"LrzXr\">True BV<\/span><\/p>\n<p><span class=\"LrzXr\">Keienbergweg 100, 1101 GH Amsterdam, Netherlands<\/span><\/p>\n<\/div><\/div><\/div><\/section>\n<\/div><\/p>\n<\/div><\/div>\n<style type=\"text\/css\" data-created_by=\"avia_inline_auto\" id=\"style-css-av-av_cell_one_half-5227a743201b625eadc00b27db60eab9\">\n.flex_cell.av-av_cell_one_half-5227a743201b625eadc00b27db60eab9{\nvertical-align:top;\n}\n.responsive #top #wrap_all .flex_cell.av-av_cell_one_half-5227a743201b625eadc00b27db60eab9{\npadding:30px 30px 30px 30px !important;\n}\n<\/style>\n<div class='flex_cell av-av_cell_one_half-5227a743201b625eadc00b27db60eab9 av-gridrow-cell av_one_half no_margin  avia-builder-el-11  el_after_av_cell_one_half  avia-builder-el-last '  ><div class='flex_cell_inner'><p>\n<style type=\"text\/css\" data-created_by=\"avia_inline_auto\" id=\"style-css-av-av_heading-bf1fed2a36dd8e0b49f33fbacc42ae1a\">\n#top .av-special-heading.av-av_heading-bf1fed2a36dd8e0b49f33fbacc42ae1a{\npadding-bottom:10px;\nfont-size:40px;\n}\nbody .av-special-heading.av-av_heading-bf1fed2a36dd8e0b49f33fbacc42ae1a .av-special-heading-tag .heading-char{\nfont-size:25px;\n}\n#top #wrap_all .av-special-heading.av-av_heading-bf1fed2a36dd8e0b49f33fbacc42ae1a .av-special-heading-tag{\nfont-size:40px;\n}\n.av-special-heading.av-av_heading-bf1fed2a36dd8e0b49f33fbacc42ae1a .av-subheading{\nfont-size:15px;\n}\n\n@media only screen and (min-width: 480px) and (max-width: 767px){ \n#top #wrap_all .av-special-heading.av-av_heading-bf1fed2a36dd8e0b49f33fbacc42ae1a .av-special-heading-tag{\nfont-size:0.8em;\n}\n}\n\n@media only screen and (max-width: 479px){ \n#top #wrap_all .av-special-heading.av-av_heading-bf1fed2a36dd8e0b49f33fbacc42ae1a .av-special-heading-tag{\nfont-size:0.8em;\n}\n}\n<\/style>\n<div  class='av-special-heading av-av_heading-bf1fed2a36dd8e0b49f33fbacc42ae1a av-special-heading-h1 blockquote modern-quote modern-centered  avia-builder-el-12  el_before_av_codeblock  avia-builder-el-first  av-inherit-size'><h1 class='av-special-heading-tag'  itemprop=\"headline\"  >Get in touch<\/h1><div class=\"special-heading-border\"><div class=\"special-heading-inner-border\"><\/div><\/div><\/div><br \/>\n<br \/>\n\n<style type=\"text\/css\" data-created_by=\"avia_inline_auto\" id=\"style-css-av-av_hr-b0d442539efd9536f47a2871d01c26c1\">\n#top .hr.av-av_hr-b0d442539efd9536f47a2871d01c26c1{\nmargin-top:40px;\nmargin-bottom:40px;\n}\n.hr.av-av_hr-b0d442539efd9536f47a2871d01c26c1 .hr-inner{\nwidth:50px;\nborder-color:#000000;\n}\n<\/style>\n<div  class='hr av-av_hr-b0d442539efd9536f47a2871d01c26c1 hr-custom  avia-builder-el-14  el_after_av_codeblock  el_before_av_textblock  hr-center hr-icon-no'><span class='hr-inner inner-border-av-border-fat'><span class=\"hr-inner-style\"><\/span><\/span><\/div><br \/>\n<section  class='av_textblock_section av-av_textblock-c0362a5398905e3de9ed6bfa500ecfc4 '   itemscope=\"itemscope\" itemtype=\"https:\/\/schema.org\/CreativeWork\" ><div class='avia_textblock'  itemprop=\"text\" ><p>Fill up the contact form and one of our staff members will get in touch with you as soon as possible.<\/p>\n<\/div><\/section><\/p>\n<\/div><\/div><\/div>\n","protected":false},"excerpt":{"rendered":"","protected":false},"author":1,"featured_media":0,"parent":0,"menu_order":0,"comment_status":"open","ping_status":"closed","template":"","meta":{"footnotes":""},"class_list":["post-21","page","type-page","status-publish","hentry"],"_links":{"self":[{"href":"https:\/\/www.monitorlinq.com\/en\/wp-json\/wp\/v2\/pages\/21","targetHints":{"allow":["GET"]}}],"collection":[{"href":"https:\/\/www.monitorlinq.com\/en\/wp-json\/wp\/v2\/pages"}],"about":[{"href":"https:\/\/www.monitorlinq.com\/en\/wp-json\/wp\/v2\/types\/page"}],"author":[{"embeddable":true,"href":"https:\/\/www.monitorlinq.com\/en\/wp-json\/wp\/v2\/users\/1"}],"replies":[{"embeddable":true,"href":"https:\/\/www.monitorlinq.com\/en\/wp-json\/wp\/v2\/comments?post=21"}],"version-history":[{"count":28,"href":"https:\/\/www.monitorlinq.com\/en\/wp-json\/wp\/v2\/pages\/21\/revisions"}],"predecessor-version":[{"id":1052,"href":"https:\/\/www.monitorlinq.com\/en\/wp-json\/wp\/v2\/pages\/21\/revisions\/1052"}],"wp:attachment":[{"href":"https:\/\/www.monitorlinq.com\/en\/wp-json\/wp\/v2\/media?parent=21"}],"curies":[{"name":"wp","href":"https:\/\/api.w.org\/{rel}","templated":true}]}}