{"id":431,"date":"2015-02-22T19:55:57","date_gmt":"2015-02-22T19:55:57","guid":{"rendered":"http:\/\/wp\/enfold-medium-business\/?page_id=11"},"modified":"2020-12-26T19:57:54","modified_gmt":"2020-12-26T19:57:54","slug":"home","status":"publish","type":"page","link":"https:\/\/www.monitorlinq.com\/fr\/","title":{"rendered":"Accueil"},"content":{"rendered":"<style type=\"text\/css\" data-created_by=\"avia_inline_auto\" id=\"style-css-av-av_section-985be0f6f439da24d62a1c05af9605ee\">\n.avia-section.av-av_section-985be0f6f439da24d62a1c05af9605ee{\nbackground-repeat:no-repeat;\nbackground-image:url(https:\/\/www.monitorlinq.com\/wp-content\/uploads\/2015\/02\/Screen-Shot-2017-08-31-at-20.35.01.png);\nbackground-position:50% 0%;\nbackground-attachment:scroll;\n}\n.avia-section.av-av_section-985be0f6f439da24d62a1c05af9605ee .av-section-color-overlay{\nopacity:0.8;\n}\n<\/style>\n<div id='av_section_1'  class='avia-section av-av_section-985be0f6f439da24d62a1c05af9605ee main_color avia-section-default avia-no-border-styling  avia-builder-el-0  el_before_av_section  avia-builder-el-first  avia-full-stretch avia-bg-style-scroll av-section-color-overlay-active av-minimum-height av-minimum-height-100 av-height-100  container_wrap sidebar_right'  data-section-bg-repeat='stretch' data-av_minimum_height_pc='100' data-av_min_height_opt='100'><div class=\"av-section-color-overlay-wrap\"><div class=\"av-section-color-overlay\"><\/div><a href='#next-section' title='' class='scroll-down-link' aria-hidden='true' data-av_icon='\ue877' data-av_iconfont='entypo-fontello'><\/a><div class='container av-section-cont-open' ><main  role=\"main\" itemprop=\"mainContentOfPage\"  class='template-page content  av-content-small alpha units'><div class='post-entry post-entry-type-page post-entry-431'><div class='entry-content-wrapper clearfix'>\n<div  class='flex_column av-av_one_full-2a9015ff38129c418a3f2eafba3e9512 av_one_full  avia-builder-el-1  avia-builder-el-no-sibling  first flex_column_div'     ><p>\n<style type=\"text\/css\" data-created_by=\"avia_inline_auto\" id=\"style-css-av-av_headline_rotator-5c3cdfecafb9751f963bb24cacad0453\">\n#top .av-rotator-container.av-av_headline_rotator-5c3cdfecafb9751f963bb24cacad0453{\ntext-align:left;\ncolor:#ffffff;\n}\n#top #wrap_all .av-rotator-container.av-av_headline_rotator-5c3cdfecafb9751f963bb24cacad0453 .av-rotator-container-inner{\nfont-size:55px;\n}\n<\/style>\n\n<style type=\"text\/css\" data-created_by=\"avia_inline_auto\" id=\"style-css-sub-av-av_headline_rotator-5c3cdfecafb9751f963bb24cacad0453\">\n#top .av-rotator-container .av-rotator-text-single.av-av_rotator_item-591beb078ac88bdf1d2baf2d6cdb4198{\ncolor:#ffffff;\n}\n#top .av-rotator-container .av-rotator-text-single.av-av_rotator_item-07b668912585433e219024f8a45e9bac{\ncolor:#ffffff;\n}\n#top .av-rotator-container .av-rotator-text-single.av-av_rotator_item-e6c570af5da4d9dbb66572a6e3576f56{\ncolor:#ffffff;\n}\n<\/style>\n<div  class='av-rotator-container av-rotation-container-left av-av_headline_rotator-5c3cdfecafb9751f963bb24cacad0453  avia-builder-el-2  el_before_av_hr  avia-builder-el-first' data-interval='5' data-animation='1'><h2 class='av-rotator-container-inner'>Aider nos proches \u00e0 vivre libres et autonomes, le plus longtemps possible<span class='av-rotator-text av-rotator-multiline-on'>\n<span class='av-rotator-text-single av-av_rotator_item-591beb078ac88bdf1d2baf2d6cdb4198 av-rotator-text-single-1' ><strong>Libert\u00e9 de mouvement<\/strong><\/span>\n<span class='av-rotator-text-single av-av_rotator_item-07b668912585433e219024f8a45e9bac av-rotator-text-single-2' ><strong>Libert\u00e9 de connecter<\/strong><\/span>\n<span class='av-rotator-text-single av-av_rotator_item-e6c570af5da4d9dbb66572a6e3576f56 av-rotator-text-single-3' ><strong>Libert\u00e9 d'esprit<\/strong><\/span>\n<\/span><\/h2><\/div><br \/>\n\n<style type=\"text\/css\" data-created_by=\"avia_inline_auto\" id=\"style-css-av-av_hr-4f723cf52f4d68094f39480fc37ee552\">\n#top .hr.av-av_hr-4f723cf52f4d68094f39480fc37ee552{\nmargin-top:40px;\nmargin-bottom:40px;\n}\n.hr.av-av_hr-4f723cf52f4d68094f39480fc37ee552 .hr-inner{\nwidth:50px;\nborder-color:#ffffff;\n}\n<\/style>\n<div  class='hr av-av_hr-4f723cf52f4d68094f39480fc37ee552 hr-custom  avia-builder-el-3  el_after_av_headline_rotator  avia-builder-el-last  hr-left hr-icon-no'><span class='hr-inner inner-border-av-border-fat'><span class=\"hr-inner-style\"><\/span><\/span><\/div><\/p><\/div>\n\n<\/div><\/div><\/main><!-- close content main element --><\/div><\/div><\/div><div id='av_section_2'  class='avia-section av-av_section-f3b48af71b91bf2a61ae5e24c0e5ddd8 main_color avia-section-huge avia-no-border-styling  avia-builder-el-4  el_after_av_section  el_before_av_section  avia-bg-style-scroll container_wrap sidebar_right'  ><div class='container av-section-cont-open' ><div class='template-page content  av-content-small alpha units'><div class='post-entry post-entry-type-page post-entry-431'><div class='entry-content-wrapper clearfix'>\n<div  class='flex_column av-av_one_fifth-2a9015ff38129c418a3f2eafba3e9512 av_one_fifth  avia-builder-el-5  el_before_av_three_fifth  avia-builder-el-first  first flex_column_div'     ><\/div>\n<style type=\"text\/css\" data-created_by=\"avia_inline_auto\" id=\"style-css-av-av_three_fifth-c8fc129dc35fd1ae2a1e410224d39ea8\">\n.flex_column.av-av_three_fifth-c8fc129dc35fd1ae2a1e410224d39ea8{\nborder-radius:0px 0px 0px 0px;\npadding:0px 0px 0px 0px;\n}\n<\/style>\n<div  class='flex_column av-av_three_fifth-c8fc129dc35fd1ae2a1e410224d39ea8 av_three_fifth  avia-builder-el-6  el_after_av_one_fifth  el_before_av_one_fifth  flex_column_div av-zero-column-padding'     ><style type=\"text\/css\" data-created_by=\"avia_inline_auto\" id=\"style-css-av-av_heading-c57f1bd386ae813b097077d2f36d36a4\">\n#top .av-special-heading.av-av_heading-c57f1bd386ae813b097077d2f36d36a4{\npadding-bottom:10px;\nfont-size:40px;\n}\nbody .av-special-heading.av-av_heading-c57f1bd386ae813b097077d2f36d36a4 .av-special-heading-tag .heading-char{\nfont-size:25px;\n}\n#top #wrap_all .av-special-heading.av-av_heading-c57f1bd386ae813b097077d2f36d36a4 .av-special-heading-tag{\nfont-size:40px;\n}\n.av-special-heading.av-av_heading-c57f1bd386ae813b097077d2f36d36a4 .av-subheading{\nfont-size:15px;\n}\n\n@media only screen and (min-width: 480px) and (max-width: 767px){ \n#top #wrap_all .av-special-heading.av-av_heading-c57f1bd386ae813b097077d2f36d36a4 .av-special-heading-tag{\nfont-size:0.8em;\n}\n}\n\n@media only screen and (max-width: 479px){ \n#top #wrap_all .av-special-heading.av-av_heading-c57f1bd386ae813b097077d2f36d36a4 .av-special-heading-tag{\nfont-size:0.8em;\n}\n}\n<\/style>\n<div  class='av-special-heading av-av_heading-c57f1bd386ae813b097077d2f36d36a4 av-special-heading-h1 blockquote modern-quote modern-centered  avia-builder-el-7  avia-builder-el-no-sibling  av-thin-font av-inherit-size'><h1 class='av-special-heading-tag'  itemprop=\"headline\"  >Nous rendons l'Internet des Objets intelligent, <strong> Pour mieux prendre soin de vous <\/strong><\/h1><div class=\"special-heading-border\"><div class=\"special-heading-inner-border\"><\/div><\/div><\/div><\/div>\n<style type=\"text\/css\" data-created_by=\"avia_inline_auto\" id=\"style-css-av-av_one_fifth-c8fc129dc35fd1ae2a1e410224d39ea8\">\n.flex_column.av-av_one_fifth-c8fc129dc35fd1ae2a1e410224d39ea8{\nborder-radius:0px 0px 0px 0px;\npadding:0px 0px 0px 0px;\n}\n<\/style>\n<div  class='flex_column av-av_one_fifth-c8fc129dc35fd1ae2a1e410224d39ea8 av_one_fifth  avia-builder-el-8  el_after_av_three_fifth  el_before_av_hr  flex_column_div av-zero-column-padding'     ><\/div>\n<style type=\"text\/css\" data-created_by=\"avia_inline_auto\" id=\"style-css-av-av_hr-c2d633c7ed902c8a31b5454f6da8355f\">\n#top .hr.av-av_hr-c2d633c7ed902c8a31b5454f6da8355f{\nmargin-top:70px;\nmargin-bottom:70px;\n}\n.hr.av-av_hr-c2d633c7ed902c8a31b5454f6da8355f .hr-inner{\nwidth:50px;\nborder-color:#000000;\n}\n<\/style>\n<div  class='hr av-av_hr-c2d633c7ed902c8a31b5454f6da8355f hr-custom  avia-builder-el-9  el_after_av_one_fifth  el_before_av_one_third  hr-center hr-icon-no'><span class='hr-inner inner-border-av-border-fat'><span class=\"hr-inner-style\"><\/span><\/span><\/div>\n<div  class='flex_column av-av_one_third-2a9015ff38129c418a3f2eafba3e9512 av_one_third  avia-builder-el-10  el_after_av_hr  el_before_av_one_third  first flex_column_div'     ><section  class='av_textblock_section av-av_textblock-2de302bf1aa3cf4c9157dbe6f50ac7eb'   itemscope=\"itemscope\" itemtype=\"https:\/\/schema.org\/CreativeWork\" ><div class='avia_textblock'  itemprop=\"text\" ><h3>Universel<\/h3>\n<p>L\u2019universalit\u00e9 est la cl\u00e9 de notre succ\u00e8s. Notre plateforme int\u00e8gre un grand nombre d'objets connect\u00e9s, quelle que soit la marque, ou le protocole de communication.<\/p>\n<\/div><\/section><\/div>\n<style type=\"text\/css\" data-created_by=\"avia_inline_auto\" id=\"style-css-av-av_one_third-c8fc129dc35fd1ae2a1e410224d39ea8\">\n.flex_column.av-av_one_third-c8fc129dc35fd1ae2a1e410224d39ea8{\nborder-radius:0px 0px 0px 0px;\npadding:0px 0px 0px 0px;\n}\n<\/style>\n<div  class='flex_column av-av_one_third-c8fc129dc35fd1ae2a1e410224d39ea8 av_one_third  avia-builder-el-12  el_after_av_one_third  el_before_av_one_third  flex_column_div av-zero-column-padding'     ><section  class='av_textblock_section av-av_textblock-2de302bf1aa3cf4c9157dbe6f50ac7eb'   itemscope=\"itemscope\" itemtype=\"https:\/\/schema.org\/CreativeWork\" ><div class='avia_textblock'  itemprop=\"text\" ><h3>Convivial<\/h3>\n<p class=\"p2\"><span class=\"s1\">Les produits et applications orient\u00e9s utilisateur sont notre quotidien: la convivialit\u00e9 et le design bas\u00e9s sur les usages font partie de notre processus de d\u00e9veloppement de solution depuis le premier jour.<\/span><\/p>\n<\/div><\/section><\/div>\n<style type=\"text\/css\" data-created_by=\"avia_inline_auto\" id=\"style-css-av-av_one_third-c8fc129dc35fd1ae2a1e410224d39ea8\">\n.flex_column.av-av_one_third-c8fc129dc35fd1ae2a1e410224d39ea8{\nborder-radius:0px 0px 0px 0px;\npadding:0px 0px 0px 0px;\n}\n<\/style>\n<div  class='flex_column av-av_one_third-c8fc129dc35fd1ae2a1e410224d39ea8 av_one_third  avia-builder-el-14  el_after_av_one_third  avia-builder-el-last  flex_column_div av-zero-column-padding'     ><section  class='av_textblock_section av-av_textblock-2de302bf1aa3cf4c9157dbe6f50ac7eb'   itemscope=\"itemscope\" itemtype=\"https:\/\/schema.org\/CreativeWork\" ><div class='avia_textblock'  itemprop=\"text\" ><h3>Fiable<\/h3>\n<p>La plateforme Monitorlinq est h\u00e9berg\u00e9e sur nos propres serveurs dans un centre de donn\u00e9es de cat\u00e9gorie 3 \u00e0 Amsterdam, aux Pays-Bas.  Certifi\u00e9 ISO 27001, ISO 9001 et NEN 7510.<\/p>\n<\/div><\/section><\/div><\/div><\/div><\/div><!-- close content main div --><\/div><\/div>\n<style type=\"text\/css\" data-created_by=\"avia_inline_auto\" id=\"style-css-av-av_section-f8d9839058ca62a444abd6f764ed50fc\">\n.avia-section.av-av_section-f8d9839058ca62a444abd6f764ed50fc .av-parallax .av-parallax-inner{\nbackground-color:#f8f8f8;\nbackground-image:url(https:\/\/www.monitorlinq.com\/wp-content\/uploads\/2015\/02\/mockup-monitorlinq04-1030x579.jpg);\nbackground-repeat:no-repeat;\nbackground-position:100% 50%;\nbackground-attachment:scroll;\n}\n.avia-section.av-av_section-f8d9839058ca62a444abd6f764ed50fc .av-section-color-overlay{\nopacity:0.3;\nbackground-color:#ffffff;\n}\n<\/style>\n<div id='av_section_3'  class='avia-section av-av_section-f8d9839058ca62a444abd6f764ed50fc main_color avia-section-large avia-no-border-styling  avia-builder-el-16  el_after_av_section  el_before_av_section  avia-full-stretch av-parallax-section avia-bg-style-parallax av-section-color-overlay-active av-minimum-height av-minimum-height-75 av-height-75  container_wrap sidebar_right'  data-section-bg-repeat='stretch' data-av_minimum_height_pc='75' data-av_min_height_opt='75'><div class='av-parallax' data-avia-parallax-ratio='0.3' ><div class='av-parallax-inner main_color avia-full-stretch'><\/div><\/div><div class=\"av-section-color-overlay-wrap\"><div class=\"av-section-color-overlay\"><\/div><div class='container av-section-cont-open' ><div class='template-page content  av-content-small alpha units'><div class='post-entry post-entry-type-page post-entry-431'><div class='entry-content-wrapper clearfix'>\n\n<style type=\"text\/css\" data-created_by=\"avia_inline_auto\" id=\"style-css-av-av_two_fifth-15d750bd1b332b34c6e70b077ebbccdf\">\n.flex_column.av-av_two_fifth-15d750bd1b332b34c6e70b077ebbccdf{\nborder-radius:0px 0px 0px 0px;\npadding:0px 0px 0px 0px;\n}\n<\/style>\n<div  class='flex_column av-av_two_fifth-15d750bd1b332b34c6e70b077ebbccdf av_two_fifth  avia-builder-el-17  el_before_av_three_fifth  avia-builder-el-first  first flex_column_div av-zero-column-padding'     ><p>\n<style type=\"text\/css\" data-created_by=\"avia_inline_auto\" id=\"style-css-av-av_heading-a4274e4b6b374d2edc9829c2abcbbeaa\">\n#top .av-special-heading.av-av_heading-a4274e4b6b374d2edc9829c2abcbbeaa{\npadding-bottom:10px;\n}\nbody .av-special-heading.av-av_heading-a4274e4b6b374d2edc9829c2abcbbeaa .av-special-heading-tag .heading-char{\nfont-size:25px;\n}\n.av-special-heading.av-av_heading-a4274e4b6b374d2edc9829c2abcbbeaa .av-subheading{\nfont-size:15px;\n}\n<\/style>\n<div  class='av-special-heading av-av_heading-a4274e4b6b374d2edc9829c2abcbbeaa av-special-heading-h1 blockquote modern-quote  avia-builder-el-18  el_before_av_hr  avia-builder-el-first'><h1 class='av-special-heading-tag'  itemprop=\"headline\"  >Que faisons-nous ?<\/h1><div class=\"special-heading-border\"><div class=\"special-heading-inner-border\"><\/div><\/div><\/div><br \/>\n\n<style type=\"text\/css\" data-created_by=\"avia_inline_auto\" id=\"style-css-av-av_hr-0f85c61341dc54c5a8df00ad89167801\">\n#top .hr.av-av_hr-0f85c61341dc54c5a8df00ad89167801{\nmargin-top:10px;\nmargin-bottom:10px;\n}\n.hr.av-av_hr-0f85c61341dc54c5a8df00ad89167801 .hr-inner{\nwidth:50px;\nborder-color:#000000;\n}\n<\/style>\n<div  class='hr av-av_hr-0f85c61341dc54c5a8df00ad89167801 hr-custom  avia-builder-el-19  el_after_av_heading  el_before_av_textblock  hr-left hr-icon-no'><span class='hr-inner inner-border-av-border-fat'><span class=\"hr-inner-style\"><\/span><\/span><\/div><br \/>\n\n<style type=\"text\/css\" data-created_by=\"avia_inline_auto\" id=\"style-css-av-av_textblock-6b3403604e1c43e14684bf144e620d07\">\n#top .av_textblock_section.av-av_textblock-6b3403604e1c43e14684bf144e620d07 .avia_textblock{\ncolor:#000000;\n}\n<\/style>\n<section  class='av_textblock_section av-av_textblock-6b3403604e1c43e14684bf144e620d07'   itemscope=\"itemscope\" itemtype=\"https:\/\/schema.org\/CreativeWork\" ><div class='avia_textblock av_inherit_color'  itemprop=\"text\" ><p>Nous sommes la seule plateforme \u00e0 proposer des solutions converg\u00e9es, ouvertes, conviviales et s\u00fbres, qui tirent le meilleur parti des objets connect\u00e9s dans les secteurs de la s\u00e9curit\u00e9, de la mobilit\u00e9 et de la sant\u00e9. Nous avons d\u00e9velopp\u00e9 une approche innovante pour combiner le pouvoir des objets connect\u00e9s, de services interactifs et interconnect\u00e9s, et de l\u2019intelligence artificielle.<\/p>\n<p><a href=\"\/fr\/products\/\">En savoir plus...<\/a><\/p>\n<\/div><\/section><\/p><\/div><div  class='flex_column av-av_three_fifth-09206fc011e099c844f27d8d21bd085e av_three_fifth  avia-builder-el-21  el_after_av_two_fifth  avia-builder-el-last  flex_column_div'     ><\/div>\n<\/p>\n<\/div><\/div><\/div><!-- close content main div --><\/div><\/div><\/div>\n<style type=\"text\/css\" data-created_by=\"avia_inline_auto\" id=\"style-css-av-av_section-df0e06fdf679dc1f18e93db086430c06\">\n.avia-section.av-av_section-df0e06fdf679dc1f18e93db086430c06 .av-parallax .av-parallax-inner{\nbackground-repeat:no-repeat;\nbackground-image:url(https:\/\/www.monitorlinq.com\/wp-content\/uploads\/2015\/02\/desat-laptop.jpg);\nbackground-position:50% 50%;\nbackground-attachment:scroll;\n}\n.avia-section.av-av_section-df0e06fdf679dc1f18e93db086430c06 .av-section-color-overlay{\nopacity:0.5;\nbackground-color:#ffffff;\n}\n<\/style>\n<div id='av_section_4'  class='avia-section av-av_section-df0e06fdf679dc1f18e93db086430c06 main_color avia-section-large avia-no-border-styling  avia-builder-el-22  el_after_av_section  avia-builder-el-last  avia-full-stretch av-parallax-section avia-bg-style-parallax av-section-color-overlay-active av-minimum-height av-minimum-height-75 av-height-75  container_wrap sidebar_right'  data-section-bg-repeat='stretch' data-av_minimum_height_pc='75' data-av_min_height_opt='75'><div class='av-parallax' data-avia-parallax-ratio='0.3' ><div class='av-parallax-inner main_color avia-full-stretch'><\/div><\/div><div class=\"av-section-color-overlay-wrap\"><div class=\"av-section-color-overlay\"><\/div><div class='container av-section-cont-open' ><div class='template-page content  av-content-small alpha units'><div class='post-entry post-entry-type-page post-entry-431'><div class='entry-content-wrapper clearfix'>\n<div  class='flex_column av-av_one_fifth-2a9015ff38129c418a3f2eafba3e9512 av_one_fifth  avia-builder-el-23  el_before_av_three_fifth  avia-builder-el-first  first flex_column_div'     ><\/div><div  class='flex_column av-av_three_fifth-09206fc011e099c844f27d8d21bd085e av_three_fifth  avia-builder-el-24  el_after_av_one_fifth  el_before_av_one_fifth  flex_column_div'     ><style type=\"text\/css\" data-created_by=\"avia_inline_auto\" id=\"style-css-av-av_heading-3212598f204011a89d2a55a79023c55f\">\n#top .av-special-heading.av-av_heading-3212598f204011a89d2a55a79023c55f{\npadding-bottom:10px;\ncolor:#000000;\nfont-size:40px;\n}\nbody .av-special-heading.av-av_heading-3212598f204011a89d2a55a79023c55f .av-special-heading-tag .heading-char{\nfont-size:25px;\n}\n#top #wrap_all .av-special-heading.av-av_heading-3212598f204011a89d2a55a79023c55f .av-special-heading-tag{\nfont-size:40px;\n}\n.av-special-heading.av-av_heading-3212598f204011a89d2a55a79023c55f .special-heading-inner-border{\nborder-color:#000000;\n}\n.av-special-heading.av-av_heading-3212598f204011a89d2a55a79023c55f .av-subheading{\nfont-size:15px;\n}\n\n@media only screen and (min-width: 480px) and (max-width: 767px){ \n#top #wrap_all .av-special-heading.av-av_heading-3212598f204011a89d2a55a79023c55f .av-special-heading-tag{\nfont-size:0.8em;\n}\n}\n\n@media only screen and (max-width: 479px){ \n#top #wrap_all .av-special-heading.av-av_heading-3212598f204011a89d2a55a79023c55f .av-special-heading-tag{\nfont-size:0.8em;\n}\n}\n<\/style>\n<div  class='av-special-heading av-av_heading-3212598f204011a89d2a55a79023c55f av-special-heading-h1 custom-color-heading blockquote modern-quote modern-centered  avia-builder-el-25  avia-builder-el-no-sibling  av-thin-font av-inherit-size'><h1 class='av-special-heading-tag'  itemprop=\"headline\"  >Vous voulez en savoir plus sur nos derni\u00e8res innovations ? <strong>Enregistrez votre courriel pour vous abonner \u00e0 notre newsletter gratuite !<\/strong><\/h1><div class=\"special-heading-border\"><div class=\"special-heading-inner-border\"><\/div><\/div><\/div><\/div><div  class='flex_column av-av_one_fifth-09206fc011e099c844f27d8d21bd085e av_one_fifth  avia-builder-el-26  el_after_av_three_fifth  el_before_av_one_third  flex_column_div'     ><\/div><div  class='flex_column av-av_one_third-2a9015ff38129c418a3f2eafba3e9512 av_one_third  avia-builder-el-27  el_after_av_one_fifth  el_before_av_one_third  first flex_column_div  column-top-margin'     ><\/div><div  class='flex_column av-av_one_third-09206fc011e099c844f27d8d21bd085e av_one_third  avia-builder-el-28  el_after_av_one_third  el_before_av_one_third  flex_column_div  column-top-margin'     ><form action=\"https:\/\/www.monitorlinq.com\/fr\/\" method=\"post\" data-fields-with-error=\"Erreurs trouv\u00e9es dans les champs suivants :\" class=\"avia_ajax_form av-form-labels-hidden   avia-builder-el-29  avia-builder-el-no-sibling\" data-avia-form-id=\"1\" data-avia-redirect='https:\/\/www.monitorlinq.com\/fr\/?page_id=18' data-trp-original-action=\"https:\/\/www.monitorlinq.com\/fr\/\" ><fieldset><p class='first_form  form_element form_element_three_fourth av-last-visible-form-element' id='element_avia_1_1'><label for=\"avia_1_1\">Courriel <abbr class=\"required\" title=\"requis(e)\">*<\/abbr><\/label> <input name=\"avia_1_1\" class=\"text_input is_email\" type=\"text\" id=\"avia_1_1\" value=\"\"  placeholder='Courriel'\/><\/p><p class=\"hidden\"><input type=\"text\" name=\"avia_2_1\" class=\"hidden\" id=\"avia_2_1\" value=\"\" \/><\/p><p class=\"form_element form_element_fourth modified_width\"><input type=\"hidden\" value=\"1\" name=\"avia_generated_form1\" \/><input type=\"submit\" value=\"OK\" class=\"button\"  data-sending-label=\"Envoi\"\/><\/p><\/fieldset><input type=\"hidden\" name=\"trp-form-language\" value=\"fr\"\/><\/form><div id=\"ajaxresponse_1\" class=\"ajaxresponse ajaxresponse_1 hidden\"><\/div><\/div><div  class='flex_column av-av_one_third-09206fc011e099c844f27d8d21bd085e av_one_third  avia-builder-el-30  el_after_av_one_third  avia-builder-el-last  flex_column_div  column-top-margin'     ><\/div>\n<\/div><\/div><\/div><!-- close content main div --><\/div><\/div><\/div><div id='after_section_4'  class='main_color av_default_container_wrap container_wrap sidebar_right'  ><div class='container av-section-cont-open' ><div class='template-page content  av-content-small alpha units'><div class='post-entry post-entry-type-page post-entry-431'><div class='entry-content-wrapper clearfix'>","protected":false},"excerpt":{"rendered":"","protected":false},"author":1,"featured_media":0,"parent":0,"menu_order":0,"comment_status":"open","ping_status":"open","template":"","meta":{"footnotes":""},"class_list":["post-431","page","type-page","status-publish","hentry"],"_links":{"self":[{"href":"https:\/\/www.monitorlinq.com\/fr\/wp-json\/wp\/v2\/pages\/431","targetHints":{"allow":["GET"]}}],"collection":[{"href":"https:\/\/www.monitorlinq.com\/fr\/wp-json\/wp\/v2\/pages"}],"about":[{"href":"https:\/\/www.monitorlinq.com\/fr\/wp-json\/wp\/v2\/types\/page"}],"author":[{"embeddable":true,"href":"https:\/\/www.monitorlinq.com\/fr\/wp-json\/wp\/v2\/users\/1"}],"replies":[{"embeddable":true,"href":"https:\/\/www.monitorlinq.com\/fr\/wp-json\/wp\/v2\/comments?post=431"}],"version-history":[{"count":45,"href":"https:\/\/www.monitorlinq.com\/fr\/wp-json\/wp\/v2\/pages\/431\/revisions"}],"predecessor-version":[{"id":1025,"href":"https:\/\/www.monitorlinq.com\/fr\/wp-json\/wp\/v2\/pages\/431\/revisions\/1025"}],"wp:attachment":[{"href":"https:\/\/www.monitorlinq.com\/fr\/wp-json\/wp\/v2\/media?parent=431"}],"curies":[{"name":"wp","href":"https:\/\/api.w.org\/{rel}","templated":true}]}}